{"id":394,"date":"2018-08-01T06:30:34","date_gmt":"2018-08-01T06:30:34","guid":{"rendered":"http:\/\/localhost\/wordpress\/noktaendustriyel\/?page_id=394"},"modified":"2025-12-24T07:37:44","modified_gmt":"2025-12-24T07:37:44","slug":"production-tracking-and-traceability-2","status":"publish","type":"page","link":"https:\/\/noktaendustriyel.com\/en\/solutions\/production-tracking-and-traceability-2\/","title":{"rendered":"Production Tracking and Traceability"},"content":{"rendered":"\t\t<div data-elementor-type=\"wp-page\" data-elementor-id=\"394\" class=\"elementor elementor-394\">\n\t\t\t\t<div class=\"elementor-element elementor-element-acc9827 e-flex e-con-boxed e-con e-parent\" data-id=\"acc9827\" data-element_type=\"container\">\n\t\t\t\t\t<div class=\"e-con-inner\">\n\t\t<div class=\"elementor-element elementor-element-a0f2c6b e-con-full e-flex e-con e-child\" data-id=\"a0f2c6b\" data-element_type=\"container\">\n\t\t\t\t<\/div>\n\t\t<div class=\"elementor-element elementor-element-2256fe5 e-con-full e-flex e-con e-child\" data-id=\"2256fe5\" data-element_type=\"container\">\n\t\t\t\t<div class=\"elementor-element elementor-element-7b84af5f elementor-widget elementor-widget-text-editor\" data-id=\"7b84af5f\" data-element_type=\"widget\" data-widget_type=\"text-editor.default\">\n\t\t\t\t\t\t\t\t\t<p><style type=\"text\/css\"><span data-mce-type=\"bookmark\" style=\"display: inline-block; width: 0px; overflow: hidden; line-height: 0;\" class=\"mce_SELRES_start\">\ufeff<\/span><\/style><\/p><p><\/p><section class=\"kc-elm kc-css-1320931 kc_row\"><div class=\"kc-row-container kc-container\"><div class=\"kc-wrap-columns\"><div class=\"kc-elm kc-css-1789443 kc_col-sm-12 kc_column kc_col-sm-12\"><div class=\"kc-col-container\"><div class=\"kc-elm kc-css-212718 kc_text_block\"><style type=\"text\/css\">@media only screen and (min-width: 1000px) and (max-width: 5000px){body.kc-css-system .kc-css-3020677{width: 30.19%;}body.kc-css-system .kc-css-3724899{width: 69.77%;}}body.kc-css-system .kc-css-451288 img{padding-left: 20px;}body.kc-css-system .kc-css-1953222 ,body.kc-css-system .kc-css-1953222 p{font-size: 16px;line-height: 32px;}<\/style><section class=\"kc-elm kc-css-854117 kc_row\" data-kc-fullwidth=\"row\"><div class=\"kc-row-container kc-container\"><div class=\"kc-wrap-columns\"><div class=\"kc-elm kc-css-3020677 kc_col-sm-4 kc_column kc_col-sm-4\"><div class=\"kc-col-container\"><div class=\"kc-elm kc-css-451288 kc_shortcode kc_single_image\"><p><img decoding=\"async\" class=\"\" src=\"http:\/\/localhost\/wordpress\/noktaendustriyel\/wp-content\/uploads\/2018\/08\/endcoz_16_b-1.jpg\" alt=\"\" \/><\/p><\/div><\/div><\/div><div class=\"kc-elm kc-css-3724899 kc_col-sm-8 kc_column kc_col-sm-8\"><div class=\"kc-col-container\"><div class=\"kc-elm kc-css-1953222 kc_text_block\"><p>he target is to have Automation Systems deal with necessities like productivity analysis, archive of production records, bug tracing and periodic maintenance in various sites (web, offices\u2026etc). Currently barcode, RFID, RF applications offer solutions in this area.<\/p><p><a href=\"https:\/\/noktaendustriyel.com\/en\/references\"><b><u>References<\/u><\/b><\/a><\/p><p><b>Mey Alkoll\u00fc \u0130\u00e7kiler<\/b>-Nev\u015fehir Veri Toplama Sistemi<\/p><p><b>Mey Alkoll\u00fc \u0130\u00e7kiler<\/b>-Tekirda\u011f Veri Toplama Sistemi.<\/p><p><b>UNILEVER-Gebze<\/b><\/p><p><b>Ipek Ka\u011f\u0131t<\/b><\/p><p><b>Bayer<\/b><\/p><p><b>Siemens PSE-TR<\/b><\/p><\/div><\/div><\/div><\/div><\/div><\/section><\/div><\/div><\/div><\/div><\/div><\/section><p><\/p>\t\t\t\t\t\t\t\t<\/div>\n\t\t\t\t<\/div>\n\t\t\t\t\t<\/div>\n\t\t\t\t<\/div>\n\t\t\t\t<\/div>\n\t\t","protected":false},"excerpt":{"rendered":"<p>he target is to have Automation Systems deal with necessities like productivity analysis, archive of production records, bug tracing and periodic maintenance in various sites (web, offices\u2026etc). Currently barcode, RFID, RF applications offer solutions in this area. References Mey Alkoll\u00fc \u0130\u00e7kiler-Nev\u015fehir Veri Toplama Sistemi Mey Alkoll\u00fc \u0130\u00e7kiler-Tekirda\u011f Veri Toplama Sistemi. UNILEVER-Gebze Ipek Ka\u011f\u0131t Bayer Siemens<\/p><\/div>\n<div class=\"blog-btn\"><a href=\"https:\/\/noktaendustriyel.com\/en\/solutions\/production-tracking-and-traceability-2\/\" class=\"home-blog-btn\">Read More<\/a><\/p>\n","protected":false},"author":1,"featured_media":0,"parent":253,"menu_order":0,"comment_status":"closed","ping_status":"closed","template":"template\/template-page-full-width.php","meta":{"footnotes":""},"class_list":["post-394","page","type-page","status-publish","hentry"],"_links":{"self":[{"href":"https:\/\/noktaendustriyel.com\/en\/wp-json\/wp\/v2\/pages\/394","targetHints":{"allow":["GET"]}}],"collection":[{"href":"https:\/\/noktaendustriyel.com\/en\/wp-json\/wp\/v2\/pages"}],"about":[{"href":"https:\/\/noktaendustriyel.com\/en\/wp-json\/wp\/v2\/types\/page"}],"author":[{"embeddable":true,"href":"https:\/\/noktaendustriyel.com\/en\/wp-json\/wp\/v2\/users\/1"}],"replies":[{"embeddable":true,"href":"https:\/\/noktaendustriyel.com\/en\/wp-json\/wp\/v2\/comments?post=394"}],"version-history":[{"count":19,"href":"https:\/\/noktaendustriyel.com\/en\/wp-json\/wp\/v2\/pages\/394\/revisions"}],"predecessor-version":[{"id":5132,"href":"https:\/\/noktaendustriyel.com\/en\/wp-json\/wp\/v2\/pages\/394\/revisions\/5132"}],"up":[{"embeddable":true,"href":"https:\/\/noktaendustriyel.com\/en\/wp-json\/wp\/v2\/pages\/253"}],"wp:attachment":[{"href":"https:\/\/noktaendustriyel.com\/en\/wp-json\/wp\/v2\/media?parent=394"}],"curies":[{"name":"wp","href":"https:\/\/api.w.org\/{rel}","templated":true}]}}